{"id":31,"date":"2025-04-21T15:37:03","date_gmt":"2025-04-21T13:37:03","guid":{"rendered":"https:\/\/cantine.co.nebulae.co\/?page_id=31"},"modified":"2026-04-06T13:11:23","modified_gmt":"2026-04-06T11:11:23","slug":"cantines-du-r2r","status":"publish","type":"page","link":"https:\/\/cantine.co.nebulae.co\/","title":{"rendered":"Cantines du R2R"},"content":{"rendered":"\n<div class=\"wp-block-group alignfull has-accent-1-background-color has-background is-layout-flow wp-block-group-is-layout-flow\" style=\"padding-top:var(--wp--preset--spacing--20)\">\n<div class=\"wp-block-group has-global-padding is-layout-constrained wp-block-group-is-layout-constrained\" style=\"margin-top:0\">\n<figure class=\"blockart-image blockart-image-53e3fdd7\"><img loading=\"lazy\" decoding=\"async\" class=\"wp-image-35 hover-effect-static filter-none mask mask-none\" src=\"https:\/\/cantine.co.nebulae.co\/wp-content\/uploads\/2025\/04\/cantine-bam-sans-fond.png\" alt=\"\" height=\"632\" width=\"567\" srcset=\"https:\/\/cantine.co.nebulae.co\/wp-content\/uploads\/2025\/04\/cantine-bam-sans-fond.png 567w, https:\/\/cantine.co.nebulae.co\/wp-content\/uploads\/2025\/04\/cantine-bam-sans-fond-269x300.png 269w\" sizes=\"auto, (max-width: 567px) 100vw, 567px\" \/><\/figure>\n<\/div>\n\n\n\n<div class=\"wp-block-group is-layout-flow wp-block-group-is-layout-flow\" style=\"padding-top:0;padding-right:var(--wp--preset--spacing--50);padding-left:var(--wp--preset--spacing--50)\">\n<figure class=\"blockart-image blockart-image-87509037\"><img loading=\"lazy\" decoding=\"async\" class=\"wp-image-35 hover-effect-static filter-none mask mask-none\" src=\"https:\/\/cantine.co.nebulae.co\/wp-content\/uploads\/2025\/04\/cantine-bam-sans-fond.png\" alt=\"\" height=\"632\" width=\"567\" srcset=\"https:\/\/cantine.co.nebulae.co\/wp-content\/uploads\/2025\/04\/cantine-bam-sans-fond.png 567w, https:\/\/cantine.co.nebulae.co\/wp-content\/uploads\/2025\/04\/cantine-bam-sans-fond-269x300.png 269w\" sizes=\"auto, (max-width: 567px) 100vw, 567px\" \/><\/figure>\n<\/div>\n\n\n\n<div class=\"wp-block-group has-global-padding is-layout-constrained wp-container-core-group-is-layout-5bd5c99e wp-block-group-is-layout-constrained\" style=\"padding-top:var(--wp--preset--spacing--20);padding-bottom:0\">\n<p class=\"has-text-align-center has-custom-1-font-size\" style=\"margin-top:0;margin-bottom:var(--wp--preset--spacing--20)\">La cantine du R2R se tient <strong>tous les mercredis de 19h30 \u00e0 20h30 au BAM. <\/strong><br>Notre but est de faire exister un espace de solidarit\u00e9 ouvert \u00e0 tous\u00b7tes et \u00e0 prix libre pour mieux s&rsquo;organiser face \u00e0 l&#8217;emprise du capitalisme et des oppressions sur nos vies.<\/p>\n<\/div>\n\n\n\n<div class=\"blockart-buttons blockart-buttons-6f59a40a is-wrap justify-center\">\n<div class=\"blockart-button blockart-button-a00abb16 \"><a class=\"blockart-button-link is-medium is-style-filled\" target=\"_blank\" rel=\"noopener\"><span class=\"blockart-button-icon\"><svg width=\"24\" height=\"24\" viewBox=\"0 0 24 24\" xmlns=\"http:\/\/www.w3.org\/2000\/svg\" class=\"blockart-icon\" aria-hidden=\"true\"><path d=\"M3 22H3.3L7.7 20.9L8.2 20.6L21.4 7.3C21.8 6.9 22 6.3 22 5.8C22 5.3 21.7 4.7 21.4 4.3L19.7 2.6C18.9 1.8 17.4 1.8 16.7 2.6L3.4 15.8C3.2 16 3.1 16.1 3.1 16.3L2.1 20.6C2 20.9 2.1 21.4 2.4 21.6C2.5 21.9 2.7 22 3 22ZM18.2 4.1L19.9 5.8L18.2 7.5L16.5 5.8L18.2 4.1ZM5.1 17.1L14.8 7.4L16.5 9.1L6.8 18.8L4.5 19.4L5.1 17.1Z\"><\/path><\/svg><\/span>R\u00e9server<\/a><\/div>\n\n\n\n<div class=\"blockart-button blockart-button-57312096 \"><a class=\"blockart-button-link is-medium is-style-filled\" href=\"https:\/\/lite.framacalc.org\/mx03f2dutw-abd8\" target=\"_blank\" rel=\"noopener\"><span class=\"blockart-button-icon\"><svg width=\"24\" height=\"24\" xmlns=\"http:\/\/www.w3.org\/2000\/svg\" viewBox=\"0 0 24 24\" class=\"blockart-icon\" aria-hidden=\"true\"><path d=\"M22 11h-9.1V2h-2v9H2v2h9v9h2v-9h9v-2z\"><\/path><\/svg><\/span>Participer !<\/a><\/div>\n<\/div>\n\n\n\n<p class=\"has-text-align-center has-custom-color-4-color has-text-color has-link-color has-custom-1-font-size wp-elements-47c0c204f35061d5ae867d5291e119fc\" style=\"margin-top:var(--wp--preset--spacing--20);margin-bottom:var(--wp--preset--spacing--20)\"><strong>On teste des cantines sans inscriptions pour les prochaines semaines<\/strong>.<br>Rdv mercredi au BAM !<\/p>\n\n\n\n<div class=\"wp-block-group has-global-padding is-layout-constrained wp-container-core-group-is-layout-5bd5c99e wp-block-group-is-layout-constrained\" style=\"padding-top:var(--wp--preset--spacing--20);padding-bottom:0\">\n<p><\/p>\n\n\n\n<p class=\"has-text-align-center has-custom-1-font-size\" style=\"margin-top:0;margin-bottom:0\">8 avril : repas v\u00e9g\u00e9tarien ou vegan au choix<br>Mache et radis noir<br>Bourguignon de l\u00e9gumes et pur\u00e9e<\/p>\n\n\n\n<p class=\"has-text-align-center has-custom-1-font-size\" style=\"margin-top:0;margin-bottom:0\">Cake au citron et gingembre<\/p>\n<\/div>\n\n\n\n<div class=\"wp-block-group is-layout-flow wp-block-group-is-layout-flow\" style=\"margin-top:var(--wp--preset--spacing--50)\">\n<hr class=\"wp-block-separator has-text-color has-custom-color-4-color has-alpha-channel-opacity has-custom-color-4-background-color has-background is-style-wide is-style-wide--1\"\/>\n<\/div>\n<\/div>\n\n\n\n<div class=\"wp-block-columns is-layout-flex wp-container-core-columns-is-layout-241a587e wp-block-columns-is-layout-flex\" style=\"margin-top:var(--wp--preset--spacing--30);margin-bottom:var(--wp--preset--spacing--30);padding-top:var(--wp--preset--spacing--20);padding-bottom:var(--wp--preset--spacing--20)\">\n<div class=\"wp-block-column is-style-default is-layout-flow wp-block-column-is-layout-flow\">\n<div class=\"wp-block-group has-border-color has-custom-color-4-border-color has-accent-1-background-color has-background has-global-padding is-layout-constrained wp-container-core-group-is-layout-61b49547 wp-block-group-is-layout-constrained\" style=\"border-style:dotted;border-width:2px;border-radius:0px;margin-top:0;margin-bottom:0;padding-top:var(--wp--preset--spacing--20);padding-right:var(--wp--preset--spacing--20);padding-bottom:var(--wp--preset--spacing--20);padding-left:var(--wp--preset--spacing--20)\">\n<h3 class=\"wp-block-heading has-text-align-center has-custom-color-7-color has-text-color has-link-color has-caveat-brush-font-family wp-elements-275fb011a94ec3f9381531912516d2a1\" style=\"margin-top:var(--wp--preset--spacing--20);margin-bottom:var(--wp--preset--spacing--20)\">Les cantines du R2R, c&rsquo;est quoi?<\/h3>\n\n\n\n<p class=\"blockart-paragraph blockart-paragraph-210e08d6\">Notre objectif est de faire exister un <strong>espace d\u2019autonomie et d&rsquo;entraide alimentaire <\/strong>(Prix libre, cuisine avec une partie de la production ou des r\u00e9cups r\u00e9alis\u00e9es par le R2R) et de sociabilit\u00e9. Dans l&rsquo;autonomie alimentaire, les cantines collectives sont un outil pr\u00e9cieux, qui permettent \u00e9galement de prendre soin les un\u00b7es des autres, se rencontrer, souffler, et \u00e9videmment, bien manger.<\/p>\n<\/div>\n\n\n\n<div class=\"wp-block-group has-border-color has-custom-color-4-border-color has-accent-1-background-color has-background has-global-padding is-layout-constrained wp-container-core-group-is-layout-3eccda45 wp-block-group-is-layout-constrained\" style=\"border-style:dotted;border-width:2px;border-radius:0px;margin-top:var(--wp--preset--spacing--20);margin-bottom:0;padding-top:var(--wp--preset--spacing--20);padding-right:var(--wp--preset--spacing--20);padding-bottom:var(--wp--preset--spacing--20);padding-left:var(--wp--preset--spacing--20)\">\n<h3 class=\"wp-block-heading has-text-align-center has-custom-color-7-color has-text-color has-link-color has-caveat-brush-font-family wp-elements-feb58c67b348b9f097402e91f6f763e9\" style=\"margin-top:var(--wp--preset--spacing--20);margin-bottom:var(--wp--preset--spacing--20)\">On est qui ?<\/h3>\n\n\n\n<p class=\"blockart-paragraph blockart-paragraph-1c2609fe\">Le <strong>R\u00e9seau de ravitaillement des luttes du pays rennais<\/strong> (R2R) ravitaille les luttes, organise des cantines militantes, et construit un outil de production alimentaire.<br> Le R2R fait de l&rsquo;autonomie alimentaire un outil de lutte, en tant que cette autonomie lib\u00e8re du temps pour s&rsquo;organiser politiquement, construire des r\u00e9flexions sur les modes de productions et leurs usages.<\/p>\n<\/div>\n<\/div>\n\n\n\n<div class=\"wp-block-column is-style-default is-layout-flow wp-container-core-column-is-layout-3f7b68c1 wp-block-column-is-layout-flow\" style=\"padding-top:0;padding-bottom:0\">\n<div class=\"wp-block-group has-border-color has-custom-color-4-border-color has-accent-1-background-color has-background has-global-padding is-layout-constrained wp-container-core-group-is-layout-61b49547 wp-block-group-is-layout-constrained\" style=\"border-style:dotted;border-width:2px;border-radius:0px;margin-top:0;margin-bottom:0;padding-top:var(--wp--preset--spacing--20);padding-right:var(--wp--preset--spacing--20);padding-bottom:var(--wp--preset--spacing--20);padding-left:var(--wp--preset--spacing--20)\">\n<h3 class=\"wp-block-heading has-text-align-center has-custom-color-7-color has-text-color has-link-color has-caveat-brush-font-family wp-elements-dc3b47146a6eeacf8e47efab6e5e60f9\" style=\"margin-top:var(--wp--preset--spacing--20);margin-bottom:var(--wp--preset--spacing--20)\">Participation aux cantines<\/h3>\n\n\n\n<p class=\"blockart-paragraph blockart-paragraph-f3a75164\">Nous sommes un espace d&rsquo;<strong>organisation collective en autogestion<\/strong>, nous avons donc besoin de vous pour faire vivre cette cantine! <br>Tu peux venir nous aider \u00e0 cuisiner, installer la salle, g\u00e9rer l&rsquo;accueil ou le service en t&rsquo;inscrivant sur le <a href=\"https:\/\/lite.framacalc.org\/mx03f2dutw-abd8\">tableau des taches.<\/a><br>On a fait des <a href=\"https:\/\/urls.fr\/_1ZT1o\">fiches de poste<\/a> pour savoir ce qu&rsquo;impliquent les missions du tableau.<br><strong><br>Pour le rangement, on fonctionne en participation spontan\u00e9e et on a toujours besoin de monde !<\/strong><\/p>\n<\/div>\n<\/div>\n\n\n\n<div class=\"wp-block-column is-style-default is-layout-flow wp-block-column-is-layout-flow\">\n<div class=\"wp-block-group has-border-color has-custom-color-4-border-color has-accent-1-background-color has-background has-global-padding is-layout-constrained wp-container-core-group-is-layout-61b49547 wp-block-group-is-layout-constrained\" style=\"border-style:dotted;border-width:2px;border-radius:0px;margin-top:0;margin-bottom:0;padding-top:var(--wp--preset--spacing--20);padding-right:var(--wp--preset--spacing--20);padding-bottom:var(--wp--preset--spacing--20);padding-left:var(--wp--preset--spacing--20)\">\n<h3 class=\"wp-block-heading has-text-align-center has-custom-color-7-color has-text-color has-link-color has-caveat-brush-font-family wp-elements-3bafb7f18992572ac7be80b0d91a2c6b\" style=\"margin-top:var(--wp--preset--spacing--20);margin-bottom:var(--wp--preset--spacing--20)\">Le BAM<\/h3>\n\n\n\n<p class=\"blockart-paragraph blockart-paragraph-bd076904\">Le <strong>B\u00e2timent \u00e0 Modeler<\/strong> (BAM) se d\u00e9veloppe \u00e0 Cleunay depuis deux ans, dans les anciens locaux de la MJC Antipode. Le BAM accueille une dizaine de structures associatives, coop\u00e9ratives et solidaires qui travaillent individuellement ou coll\u00e9gialement \u00e0 faire du lieu une maison ouverte sur le quartier, proposant animations culturelles, actions sociales et mises \u00e0 disposition d\u2019espaces.<br>Le fait que les cantines aient lieu au BAM a son importance : le <strong>quartier Cleunay<\/strong> est en pleine r\u00e9habilitation et la cantine agit alors comme un outil de visibilisation des luttes pour le logement qui s&rsquo;y jouent, et comme espace pour se retrouver au sein d&rsquo;un quartier essentiellement r\u00e9sidentiel.<\/p>\n\n\n\n<div class=\"blockart-icon-list blockart-icon-list-5ce80500 blockart-vertical blockart-default\">\n<div class=\"blockart-icon-list-item blockart-icon-list-item-6ea35c93\"><span class=\"blockart-icon-wrapper\"><svg width=\"24\" height=\"24\" xmlns=\"http:\/\/www.w3.org\/2000\/svg\" viewBox=\"0 0 448 512\" class=\"blockart-icon\" aria-hidden=\"true\"><path d=\"M224.1 141c-63.6 0-114.9 51.3-114.9 114.9s51.3 114.9 114.9 114.9S339 319.5 339 255.9 287.7 141 224.1 141zm0 189.6c-41.1 0-74.7-33.5-74.7-74.7s33.5-74.7 74.7-74.7 74.7 33.5 74.7 74.7-33.6 74.7-74.7 74.7zm146.4-194.3c0 14.9-12 26.8-26.8 26.8-14.9 0-26.8-12-26.8-26.8s12-26.8 26.8-26.8 26.8 12 26.8 26.8zm76.1 27.2c-1.7-35.9-9.9-67.7-36.2-93.9-26.2-26.2-58-34.4-93.9-36.2-37-2.1-147.9-2.1-184.9 0-35.8 1.7-67.6 9.9-93.9 36.1s-34.4 58-36.2 93.9c-2.1 37-2.1 147.9 0 184.9 1.7 35.9 9.9 67.7 36.2 93.9s58 34.4 93.9 36.2c37 2.1 147.9 2.1 184.9 0 35.9-1.7 67.7-9.9 93.9-36.2 26.2-26.2 34.4-58 36.2-93.9 2.1-37 2.1-147.8 0-184.8zM398.8 388c-7.8 19.6-22.9 34.7-42.6 42.6-29.5 11.7-99.5 9-132.1 9s-102.7 2.6-132.1-9c-19.6-7.8-34.7-22.9-42.6-42.6-11.7-29.5-9-99.5-9-132.1s-2.6-102.7 9-132.1c7.8-19.6 22.9-34.7 42.6-42.6 29.5-11.7 99.5-9 132.1-9s102.7-2.6 132.1 9c19.6 7.8 34.7 22.9 42.6 42.6 11.7 29.5 9 99.5 9 132.1s2.7 102.7-9 132.1z\"><\/path><\/svg><\/span><span class=\"blockart-list-label\"><a href=\"https:\/\/www.instagram.com\/bam.asso\/\">bam.asso<\/a><\/span><\/div>\n\n\n\n<div class=\"blockart-icon-list-item blockart-icon-list-item-bebd88e2\"><span class=\"blockart-icon-wrapper\"><svg width=\"24\" height=\"24\" xmlns=\"http:\/\/www.w3.org\/2000\/svg\" viewBox=\"0 0 448 512\" class=\"blockart-icon\" aria-hidden=\"true\"><path d=\"M400 32H48A48 48 0 0 0 0 80v352a48 48 0 0 0 48 48h137.25V327.69h-63V256h63v-54.64c0-62.15 37-96.48 93.67-96.48 27.14 0 55.52 4.84 55.52 4.84v61h-31.27c-30.81 0-40.42 19.12-40.42 38.73V256h68.78l-11 71.69h-57.78V480H400a48 48 0 0 0 48-48V80a48 48 0 0 0-48-48z\"><\/path><\/svg><\/span><span class=\"blockart-list-label\"><a href=\"https:\/\/www.facebook.com\/p\/B%C3%A2timent-%C3%A0-Modeler-BAM-100086001084800\/\">Batiment \u00e0 modeler<\/a><\/span><\/div>\n\n\n\n<div class=\"blockart-icon-list-item blockart-icon-list-item-c4359931\"><span class=\"blockart-icon-wrapper\"><svg width=\"24\" height=\"24\" xmlns=\"http:\/\/www.w3.org\/2000\/svg\" viewBox=\"0 0 24 24\" class=\"blockart-icon\" aria-hidden=\"true\"><path d=\"M21.5 4.2h-19c-.3 0-.5.2-.5.4v14.7c0 .2.2.4.4.4h19c.2 0 .4-.2.4-.4V4.6c.2-.2 0-.4-.3-.4zm-1.5 2v.5l-8 6-8-6v-.5h16zM4 17.8V9.1l7.4 5.6c.2.2.4.2.6.2s.4-.1.6-.2L20 9.1v8.7H4z\"><\/path><\/svg><\/span><span class=\"blockart-list-label\"><a href=\"mailto:accueil@bam-asso.org\">accueil@bam-asso.org<\/a><\/span><\/div>\n<\/div>\n<\/div>\n<\/div>\n<\/div>\n\n\n\n<hr class=\"wp-block-separator alignfull has-text-color has-custom-color-4-color has-alpha-channel-opacity has-custom-color-4-background-color has-background is-style-wide is-style-wide--2\"\/>\n\n\n\n<h2 class=\"blockart-heading blockart-heading-2c94b3c5\"><\/h2>\n","protected":false},"excerpt":{"rendered":"<p>La cantine du R2R se tient tous les mercredis de 19h30 \u00e0 20h30 au BAM. Notre but est de faire exister un espace de solidarit\u00e9 ouvert \u00e0 tous\u00b7tes et \u00e0 prix libre pour mieux s&rsquo;organiser face \u00e0 l&#8217;emprise du capitalisme et des oppressions sur nos vies. On teste des cantines sans inscriptions pour les prochaines [&hellip;]<\/p>\n","protected":false},"author":1,"featured_media":0,"parent":0,"menu_order":0,"comment_status":"closed","ping_status":"closed","template":"page-daccueil","meta":{"footnotes":""},"class_list":["post-31","page","type-page","status-publish","hentry"],"_links":{"self":[{"href":"https:\/\/cantine.co.nebulae.co\/index.php?rest_route=\/wp\/v2\/pages\/31","targetHints":{"allow":["GET"]}}],"collection":[{"href":"https:\/\/cantine.co.nebulae.co\/index.php?rest_route=\/wp\/v2\/pages"}],"about":[{"href":"https:\/\/cantine.co.nebulae.co\/index.php?rest_route=\/wp\/v2\/types\/page"}],"author":[{"embeddable":true,"href":"https:\/\/cantine.co.nebulae.co\/index.php?rest_route=\/wp\/v2\/users\/1"}],"replies":[{"embeddable":true,"href":"https:\/\/cantine.co.nebulae.co\/index.php?rest_route=%2Fwp%2Fv2%2Fcomments&post=31"}],"version-history":[{"count":171,"href":"https:\/\/cantine.co.nebulae.co\/index.php?rest_route=\/wp\/v2\/pages\/31\/revisions"}],"predecessor-version":[{"id":415,"href":"https:\/\/cantine.co.nebulae.co\/index.php?rest_route=\/wp\/v2\/pages\/31\/revisions\/415"}],"wp:attachment":[{"href":"https:\/\/cantine.co.nebulae.co\/index.php?rest_route=%2Fwp%2Fv2%2Fmedia&parent=31"}],"curies":[{"name":"wp","href":"https:\/\/api.w.org\/{rel}","templated":true}]}}